{"id":21274,"date":"2015-01-02T17:52:15","date_gmt":"2015-01-02T16:52:15","guid":{"rendered":"https:\/\/staging.parkingrome.it\/politica-de-privacidad-y-cookies\/"},"modified":"2015-01-02T17:52:15","modified_gmt":"2015-01-02T16:52:15","slug":"politica-de-privacidad-y-cookies","status":"publish","type":"page","link":"https:\/\/staging-k.parkingrome.it\/es\/politica-de-privacidad-y-cookies\/","title":{"rendered":"Pol\u00edtica de privacidad y cookies"},"content":{"rendered":"<div class=\"iub_header\">\n<h1>Pol\u00edtica de privacidad de <strong>www.parkingrome.it\/<\/strong><\/h1>\n<p>Para obtener informaci\u00f3n sobre sus datos personales recopilados, los fines para los que se recopilan y las partes con las que se comparten los datos, p\u00f3ngase en contacto con el responsable del tratamiento.<\/p>\n<\/div>\n<div class=\"one_line_col\">\n<h2 id=\"owner_of_the_data\">Controlador de datos<\/h2>\n<p>Parkcity 96 Viale Furio Camillo 54 b, 00181 Roma (RM)<\/p>\n<p><b>Direcci\u00f3n de correo electr\u00f3nico del titular:<\/b> booking@parkingrome.it<\/p>\n<\/div>\n<div class=\"one_line_col\">\n<h2 id=\"types_of_data\">Tipos de datos recogidos<\/h2>\n<p>El Responsable del Tratamiento no facilita una lista de los tipos de Datos Personales recogidos.<\/p>\n<p>Los detalles completos sobre cada tipo de datos recopilados se proporcionan en las secciones dedicadas de esta pol\u00edtica de privacidad o mediante textos informativos espec\u00edficos que se muestran antes de recopilar los datos.<br \/>\nLos Datos Personales pueden ser proporcionados libremente por el Usuario o, en el caso de los Datos de Usuario, recogidos autom\u00e1ticamente durante el uso de esta Aplicaci\u00f3n.<br \/>\nSalvo que se especifique lo contrario, todos los Datos solicitados por esta Solicitud son obligatorios. Si el Usuario se niega a comunicarlos, puede resultar imposible para esta Aplicaci\u00f3n prestar el Servicio. En los casos en que esta Aplicaci\u00f3n indique determinados Datos como opcionales, los Usuarios son libres de abstenerse de comunicar dichos Datos, sin que ello tenga consecuencia alguna sobre la disponibilidad del Servicio o su funcionamiento.<br \/>\nSe recomienda a los usuarios que tengan dudas sobre qu\u00e9 Datos son obligatorios que se pongan en contacto con el Responsable del Tratamiento.<br \/>\nCualquier uso de Cookies, u otras herramientas de seguimiento, por parte de esta Aplicaci\u00f3n o de los propietarios de servicios de terceros utilizados por esta Aplicaci\u00f3n, a menos que se especifique lo contrario, tiene el prop\u00f3sito de proporcionar el Servicio solicitado por el Usuario, adem\u00e1s de otros fines descritos en este documento y en la Pol\u00edtica de Cookies, si est\u00e1 disponible.<\/p>\n<p>El Usuario asume la responsabilidad de los Datos Personales de terceros obtenidos, publicados o compartidos a trav\u00e9s de esta Aplicaci\u00f3n y garantiza que tiene derecho a comunicarlos o difundirlos, liberando al Titular de cualquier responsabilidad frente a terceros.<\/p>\n<\/div>\n<div class=\"one_line_col\">\n<h2 id=\"place_of_processing\">M\u00e9todo y lugar de tratamiento de los datos<\/h2>\n<h3>Modalidades de tratamiento<\/h3>\n<p>El Responsable del Tratamiento toma las medidas de seguridad adecuadas para impedir el acceso, la divulgaci\u00f3n, la modificaci\u00f3n o la destrucci\u00f3n no autorizados de los Datos Personales.<br \/>\nEl tratamiento se realiza mediante herramientas inform\u00e1ticas y\/o telem\u00e1ticas, con m\u00e9todos organizativos y l\u00f3gicos estrictamente relacionados con los fines indicados. Adem\u00e1s del Controlador de datos, en algunos casos, otros sujetos involucrados en la organizaci\u00f3n de esta Aplicaci\u00f3n (administradores administrativos, comerciales, de marketing, legales, del sistema) o sujetos externos (como proveedores de servicios t\u00e9cnicos de terceros, mensajeros postales, proveedores de alojamiento, Empresas inform\u00e1ticas, agencias de comunicaci\u00f3n) tambi\u00e9n designados, en su caso, como Encargados del tratamiento por el Responsable del tratamiento. La lista actualizada de Encargados del Tratamiento puede solicitarse siempre al Responsable del Tratamiento.<\/p>\n<h3>Base jur\u00eddica del tratamiento<\/h3>\n<p>El Responsable del Tratamiento trata los Datos Personales relativos al Usuario si se cumple una de las siguientes condiciones:<\/p>\n<ul>\n<li>el Usuario ha dado su consentimiento para uno o m\u00e1s fines espec\u00edficos; Nota: en algunas jurisdicciones, el Responsable del Tratamiento puede estar autorizado a tratar Datos Personales sin el consentimiento del Usuario o sin otra de las bases jur\u00eddicas especificadas a continuaci\u00f3n, hasta que el Usuario se oponga (\u00abopte por no hacerlo\u00bb) a dicho tratamiento. Sin embargo, esto no se aplica si el tratamiento de Datos Personales se rige por la legislaci\u00f3n europea sobre protecci\u00f3n de Datos Personales;<\/li>\n<li>el tratamiento es necesario para la ejecuci\u00f3n de un contrato con el Usuario y\/o la ejecuci\u00f3n de medidas precontractuales;<\/li>\n<li>el tratamiento es necesario para cumplir una obligaci\u00f3n legal a la que est\u00e1 sujeto el responsable del tratamiento;<\/li>\n<li>el tratamiento es necesario para el cumplimiento de una misi\u00f3n de inter\u00e9s p\u00fablico o en el ejercicio de poderes p\u00fablicos conferidos al responsable del tratamiento;<\/li>\n<li>el tratamiento es necesario para la consecuci\u00f3n del inter\u00e9s leg\u00edtimo del responsable del tratamiento o de terceros.<\/li>\n<\/ul>\n<p>No obstante, siempre es posible pedir al responsable del tratamiento que aclare la base jur\u00eddica concreta de cada operaci\u00f3n de tratamiento y, en particular, que especifique si el tratamiento se basa en la ley, lo exige un contrato o es necesario para celebrar un contrato.<\/p>\n<h3>Lugar<\/h3>\n<p>Los Datos se tratan en los locales del Responsable del tratamiento y en cualquier otro lugar donde se encuentren las partes implicadas en el tratamiento. Para m\u00e1s informaci\u00f3n, p\u00f3ngase en contacto con el propietario.<br \/>\nLos Datos Personales del Usuario pueden ser transferidos a un pa\u00eds distinto del pa\u00eds en el que se encuentra el Usuario. Para obtener m\u00e1s informaci\u00f3n sobre d\u00f3nde tiene lugar el tratamiento, el Usuario puede consultar la secci\u00f3n Detalles del tratamiento de datos personales.<\/p>\n<p>El Usuario tiene derecho a obtener informaci\u00f3n sobre la base jur\u00eddica para la transferencia de Datos fuera de la Uni\u00f3n Europea o a una organizaci\u00f3n internacional de derecho internacional p\u00fablico o formada por dos o m\u00e1s pa\u00edses, como la ONU, as\u00ed como sobre las medidas de seguridad adoptadas por el Responsable del Tratamiento para proteger los Datos.<\/p>\n<p>El Usuario puede comprobar si se produce alguna de las transferencias que se acaban de describir examinando la secci\u00f3n de este documento relativa a los detalles del tratamiento de Datos Personales o solicitar informaci\u00f3n al Responsable del Tratamiento poni\u00e9ndose en contacto con \u00e9l en los datos de contacto que figuran al principio.<\/p>\n<h3>Periodo de conservaci\u00f3n<\/h3>\n<p>Los datos se procesan y almacenan durante el tiempo necesario para los fines para los que se recogieron.<\/p>\n<p>Por lo tanto:<\/p>\n<ul>\n<li>Los Datos Personales recopilados para fines relacionados con la ejecuci\u00f3n de un contrato entre el Titular y el Usuario se conservar\u00e1n hasta que se complete la ejecuci\u00f3n de este contrato.<\/li>\n<li>Los Datos personales recopilados para fines atribuibles al inter\u00e9s leg\u00edtimo del Controlador de datos se conservar\u00e1n hasta que se satisfaga dicho inter\u00e9s. El Usuario puede obtener m\u00e1s informaci\u00f3n sobre el inter\u00e9s leg\u00edtimo perseguido por el Responsable del tratamiento en las secciones correspondientes de este documento o poni\u00e9ndose en contacto con el Responsable del tratamiento.<\/li>\n<\/ul>\n<p>Cuando el tratamiento se base en el consentimiento del Usuario, el Titular podr\u00e1 conservar los Datos Personales por m\u00e1s tiempo hasta que dicho consentimiento sea revocado. Adem\u00e1s, el Controlador de datos puede verse obligado a conservar los Datos personales por un per\u00edodo m\u00e1s largo en cumplimiento de una obligaci\u00f3n legal o por orden de una autoridad.<\/p>\n<p>Al final del per\u00edodo de retenci\u00f3n, los Datos personales se eliminar\u00e1n. Por tanto, transcurrido dicho plazo, ya no se podr\u00e1 ejercer el derecho de acceso, cancelaci\u00f3n, rectificaci\u00f3n y el derecho a la portabilidad de los datos.<\/p>\n<\/div>\n<div class=\"one_line_col\">\n<h2>Derechos de los usuarios<\/h2>\n<p>Los usuarios pueden ejercer determinados derechos en relaci\u00f3n con los Datos tratados por el Responsable del Tratamiento.<\/p>\n<p>En particular, el Usuario tiene derecho a:<\/p>\n<ul>\n<li><b>retirar el consentimiento en cualquier momento.<\/b>  El Usuario podr\u00e1 revocar el consentimiento previamente expresado para el tratamiento de sus Datos Personales.<\/li>\n<li><b>oponerse al tratamiento de sus Datos.<\/b> El Usuario puede oponerse al tratamiento de sus Datos cuando se realice sobre una base jur\u00eddica distinta al consentimiento. M\u00e1s detalles sobre el derecho a oponerse se establecen en la secci\u00f3n a continuaci\u00f3n.<\/li>\n<li><b>acceso a sus Datos.<\/b> El Usuario tiene derecho a obtener informaci\u00f3n sobre los Datos tratados por el Responsable del tratamiento, sobre determinados aspectos del tratamiento y a recibir una copia de los Datos tratados.<\/li>\n<li><b>comprobar y solicitar la rectificaci\u00f3n.<\/b>  El Usuario podr\u00e1 comprobar la exactitud de sus Datos y solicitar su actualizaci\u00f3n o rectificaci\u00f3n.<\/li>\n<li><b>obtener la restricci\u00f3n del tratamiento.<\/b>  Cuando se cumplan determinadas condiciones, el Usuario podr\u00e1 solicitar la limitaci\u00f3n del tratamiento de sus Datos. En este caso, el Responsable del Tratamiento no tratar\u00e1 los Datos para fines distintos de su almacenamiento.<\/li>\n<li><b>obtener la supresi\u00f3n o eliminaci\u00f3n de sus Datos Personales.<\/b>  Cuando se cumplan determinadas condiciones, el Usuario podr\u00e1 solicitar al Responsable del Tratamiento la supresi\u00f3n de sus Datos.<\/li>\n<li><b>recibir sus Datos o hacer que se transfieran a otro responsable del tratamiento.<\/b> El Usuario tiene derecho a recibir sus Datos en un formato estructurado, de uso com\u00fan y legible por un dispositivo autom\u00e1tico y, cuando sea t\u00e9cnicamente factible, obtener su transferencia sin obst\u00e1culos a otro titular. Esta disposici\u00f3n es aplicable cuando los Datos se procesan con herramientas automatizadas y el procesamiento se basa en el consentimiento del Usuario, en un contrato del cual el Usuario es parte o en medidas contractuales relacionadas con \u00e9l.<\/li>\n<li><b>presentar una denuncia.<\/b>  El Usuario podr\u00e1 presentar una reclamaci\u00f3n ante la autoridad de control competente en materia de protecci\u00f3n de datos o emprender acciones legales.<\/li>\n<\/ul>\n<h3>Detalles sobre el derecho de oposici\u00f3n<\/h3>\n<p>Cuando los Datos Personales se procesan en inter\u00e9s p\u00fablico, en el ejercicio de poderes p\u00fablicos conferidos al Controlador de Datos o para perseguir un inter\u00e9s leg\u00edtimo del Controlador de Datos, los Usuarios tienen derecho a oponerse al procesamiento por razones relacionadas con su situaci\u00f3n particular.<\/p>\n<p>Se informa a los usuarios de que, si sus datos se tratan con fines de marketing directo, pueden oponerse al tratamiento sin indicar los motivos. Para saber si el Responsable del Tratamiento trata datos con fines de marketing directo, los Usuarios pueden consultar las secciones correspondientes de este documento.<\/p>\n<h3>C\u00f3mo ejercer los derechos<\/h3>\n<p>Para ejercer sus derechos, los Usuarios pueden dirigir una solicitud a los datos de contacto del Responsable del Tratamiento indicados en este documento. Las solicitudes se presentan gratuitamente y el titular las tramita lo antes posible, en cualquier caso en el plazo de un mes.<\/p>\n<\/div>\n<div class=\"one_line_col\">\n<h2 id=\"further_data_processing_info\">M\u00e1s informaci\u00f3n sobre el tratamiento<\/h2>\n<h3>Defensa ante el tribunal<\/h3>\n<p>Los Datos Personales del Usuario podr\u00e1n ser utilizados por el Responsable del Tratamiento en procedimientos judiciales o en las fases preparatorias de su posible establecimiento para la defensa contra abusos en el uso de esta Aplicaci\u00f3n o de los Servicios relacionados por parte del Usuario.<br \/>\nEl Usuario declara ser consciente de que el Responsable del Tratamiento puede verse obligado a revelar los Datos por orden de las autoridades p\u00fablicas.<\/p>\n<h3>Informaci\u00f3n espec\u00edfica<\/h3>\n<p>A petici\u00f3n del Usuario, adem\u00e1s de la informaci\u00f3n contenida en esta pol\u00edtica de privacidad, esta Aplicaci\u00f3n puede proporcionar al Usuario informaci\u00f3n adicional y contextual relativa a Servicios espec\u00edficos, o a la recogida y tratamiento de Datos Personales.<\/p>\n<h3>Registros y mantenimiento del sistema<\/h3>\n<p>Para necesidades relacionadas con la operaci\u00f3n y el mantenimiento, esta Aplicaci\u00f3n y los servicios de terceros utilizados por ella pueden recopilar registros del sistema, es decir, archivos que registran las interacciones y que tambi\u00e9n pueden contener Datos personales, como la direcci\u00f3n IP del Usuario.<\/p>\n<h3>Informaci\u00f3n no contenida en esta pol\u00edtica<\/h3>\n<p>En cualquier momento puede solicitarse m\u00e1s informaci\u00f3n en relaci\u00f3n con el tratamiento de Datos Personales al Responsable del Tratamiento utilizando los datos de contacto.<\/p>\n<h3>Respuesta a las solicitudes \u00abDo Not Track<\/h3>\n<p>Esta aplicaci\u00f3n no admite solicitudes de \u00abNo rastrear\u00bb.<br \/>\nPara saber si los servicios de terceros utilizados los admiten, se invita al Usuario a consultar sus respectivas pol\u00edticas de privacidad.<\/p>\n<h3>Cambios en esta pol\u00edtica de privacidad<\/h3>\n<p>El Responsable del Tratamiento se reserva el derecho de realizar cambios en esta pol\u00edtica de privacidad en cualquier momento informando a los Usuarios en esta p\u00e1gina y, si es posible, en esta Aplicaci\u00f3n, as\u00ed como, si es t\u00e9cnica y legalmente factible, enviando una notificaci\u00f3n a los Usuarios a trav\u00e9s de uno de los datos de contacto en poder del Responsable del Tratamiento. Por lo tanto, le rogamos que consulte esta p\u00e1gina con regularidad, haciendo referencia a la fecha de la \u00faltima modificaci\u00f3n indicada en la parte inferior.<\/p>\n<p>Si los cambios afectan al tratamiento cuya base jur\u00eddica es el consentimiento, el Responsable del Tratamiento recabar\u00e1 de nuevo el consentimiento del Usuario, si fuera necesario.<\/p>\n<\/div>\n","protected":false},"excerpt":{"rendered":"<p>Pol\u00edtica de privacidad de www.parkingrome.it\/ Para obtener informaci\u00f3n sobre sus datos personales recopilados, los fines para los que se recopilan y las partes con las que se comparten los datos, p\u00f3ngase en contacto con el responsable del tratamiento. Controlador de datos Parkcity 96 Viale Furio Camillo 54 b, 00181 Roma (RM) Direcci\u00f3n de correo electr\u00f3nico<\/p>\n","protected":false},"author":1,"featured_media":0,"parent":0,"menu_order":0,"comment_status":"closed","ping_status":"closed","template":"","meta":{"footnotes":""},"class_list":["post-21274","page","type-page","status-publish","hentry"],"yoast_head":"<!-- This site is optimized with the Yoast SEO plugin v27.3 - https:\/\/yoast.com\/product\/yoast-seo-wordpress\/ -->\n<title>Pol\u00edtica de privacidad y cookies - Aparcamiento en el centro de Roma | Metro | Centro - ParkingRome.IT<\/title>\n<meta name=\"robots\" content=\"noindex, nofollow\" \/>\n<meta property=\"og:locale\" content=\"es_ES\" \/>\n<meta property=\"og:type\" content=\"article\" \/>\n<meta property=\"og:title\" content=\"Pol\u00edtica de privacidad y cookies - Aparcamiento en el centro de Roma | Metro | Centro - ParkingRome.IT\" \/>\n<meta property=\"og:description\" content=\"Pol\u00edtica de privacidad de www.parkingrome.it\/ Para obtener informaci\u00f3n sobre sus datos personales recopilados, los fines para los que se recopilan y las partes con las que se comparten los datos, p\u00f3ngase en contacto con el responsable del tratamiento. Controlador de datos Parkcity 96 Viale Furio Camillo 54 b, 00181 Roma (RM) Direcci\u00f3n de correo electr\u00f3nico\" \/>\n<meta property=\"og:url\" content=\"https:\/\/staging-k.parkingrome.it\/es\/politica-de-privacidad-y-cookies\/\" \/>\n<meta property=\"og:site_name\" content=\"Aparcamiento en el centro de Roma | Metro | Centro - ParkingRome.IT\" \/>\n<meta property=\"article:publisher\" content=\"https:\/\/www.facebook.com\/pages\/Parcheggi-Roma-Centro\/367506520088613\" \/>\n<meta property=\"og:image\" content=\"https:\/\/staging-k.parkingrome.it\/wp-content\/uploads\/2019\/12\/Parking-Rome.jpg\" \/>\n\t<meta property=\"og:image:width\" content=\"200\" \/>\n\t<meta property=\"og:image:height\" content=\"200\" \/>\n\t<meta property=\"og:image:type\" content=\"image\/jpeg\" \/>\n<meta name=\"twitter:card\" content=\"summary_large_image\" \/>\n<meta name=\"twitter:site\" content=\"@PaekingR\" \/>\n<meta name=\"twitter:label1\" content=\"Tiempo de lectura\" \/>\n\t<meta name=\"twitter:data1\" content=\"10 minuto\" \/>\n<script type=\"application\/ld+json\" class=\"yoast-schema-graph\">{\"@context\":\"https:\\\/\\\/schema.org\",\"@graph\":[{\"@type\":\"WebPage\",\"@id\":\"https:\\\/\\\/staging-k.parkingrome.it\\\/es\\\/politica-de-privacidad-y-cookies\\\/\",\"url\":\"https:\\\/\\\/staging-k.parkingrome.it\\\/es\\\/politica-de-privacidad-y-cookies\\\/\",\"name\":\"Pol\u00edtica de privacidad y cookies - Aparcamiento en el centro de Roma | Metro | Centro - ParkingRome.IT\",\"isPartOf\":{\"@id\":\"https:\\\/\\\/staging-k.parkingrome.it\\\/es\\\/#website\"},\"datePublished\":\"2015-01-02T16:52:15+00:00\",\"breadcrumb\":{\"@id\":\"https:\\\/\\\/staging-k.parkingrome.it\\\/es\\\/politica-de-privacidad-y-cookies\\\/#breadcrumb\"},\"inLanguage\":\"es\",\"potentialAction\":[{\"@type\":\"ReadAction\",\"target\":[\"https:\\\/\\\/staging-k.parkingrome.it\\\/es\\\/politica-de-privacidad-y-cookies\\\/\"]}]},{\"@type\":\"BreadcrumbList\",\"@id\":\"https:\\\/\\\/staging-k.parkingrome.it\\\/es\\\/politica-de-privacidad-y-cookies\\\/#breadcrumb\",\"itemListElement\":[{\"@type\":\"ListItem\",\"position\":1,\"name\":\"Home\",\"item\":\"https:\\\/\\\/staging-k.parkingrome.it\\\/es\\\/\"},{\"@type\":\"ListItem\",\"position\":2,\"name\":\"Pol\u00edtica de privacidad y cookies\"}]},{\"@type\":\"WebSite\",\"@id\":\"https:\\\/\\\/staging-k.parkingrome.it\\\/es\\\/#website\",\"url\":\"https:\\\/\\\/staging-k.parkingrome.it\\\/es\\\/\",\"name\":\"Parcheggio Roma Centro | Metro | Centro citt\u00e0 - ParkingRome.IT\",\"description\":\"Aparcamiento seguro, cubierto y vigilado para coches, motos y furgonetas cerca del metro de Roma.\",\"publisher\":{\"@id\":\"https:\\\/\\\/staging-k.parkingrome.it\\\/es\\\/#organization\"},\"potentialAction\":[{\"@type\":\"SearchAction\",\"target\":{\"@type\":\"EntryPoint\",\"urlTemplate\":\"https:\\\/\\\/staging-k.parkingrome.it\\\/es\\\/?s={search_term_string}\"},\"query-input\":{\"@type\":\"PropertyValueSpecification\",\"valueRequired\":true,\"valueName\":\"search_term_string\"}}],\"inLanguage\":\"es\"},{\"@type\":\"Organization\",\"@id\":\"https:\\\/\\\/staging-k.parkingrome.it\\\/es\\\/#organization\",\"name\":\"Parking Rome\",\"url\":\"https:\\\/\\\/staging-k.parkingrome.it\\\/es\\\/\",\"logo\":{\"@type\":\"ImageObject\",\"inLanguage\":\"es\",\"@id\":\"https:\\\/\\\/staging-k.parkingrome.it\\\/es\\\/#\\\/schema\\\/logo\\\/image\\\/\",\"url\":\"https:\\\/\\\/staging-k.parkingrome.it\\\/wp-content\\\/uploads\\\/2019\\\/12\\\/cropped-Parking-Rome-official-partner-min.png\",\"contentUrl\":\"https:\\\/\\\/staging-k.parkingrome.it\\\/wp-content\\\/uploads\\\/2019\\\/12\\\/cropped-Parking-Rome-official-partner-min.png\",\"width\":512,\"height\":512,\"caption\":\"Parking Rome\"},\"image\":{\"@id\":\"https:\\\/\\\/staging-k.parkingrome.it\\\/es\\\/#\\\/schema\\\/logo\\\/image\\\/\"},\"sameAs\":[\"https:\\\/\\\/www.facebook.com\\\/pages\\\/Parcheggi-Roma-Centro\\\/367506520088613\",\"https:\\\/\\\/x.com\\\/PaekingR\",\"https:\\\/\\\/www.youtube.com\\\/c\\\/ParkingromeIt01\"]}]}<\/script>\n<!-- \/ Yoast SEO plugin. -->","yoast_head_json":{"title":"Pol\u00edtica de privacidad y cookies - Aparcamiento en el centro de Roma | Metro | Centro - ParkingRome.IT","robots":{"index":"noindex","follow":"nofollow"},"og_locale":"es_ES","og_type":"article","og_title":"Pol\u00edtica de privacidad y cookies - Aparcamiento en el centro de Roma | Metro | Centro - ParkingRome.IT","og_description":"Pol\u00edtica de privacidad de www.parkingrome.it\/ Para obtener informaci\u00f3n sobre sus datos personales recopilados, los fines para los que se recopilan y las partes con las que se comparten los datos, p\u00f3ngase en contacto con el responsable del tratamiento. Controlador de datos Parkcity 96 Viale Furio Camillo 54 b, 00181 Roma (RM) Direcci\u00f3n de correo electr\u00f3nico","og_url":"https:\/\/staging-k.parkingrome.it\/es\/politica-de-privacidad-y-cookies\/","og_site_name":"Aparcamiento en el centro de Roma | Metro | Centro - ParkingRome.IT","article_publisher":"https:\/\/www.facebook.com\/pages\/Parcheggi-Roma-Centro\/367506520088613","og_image":[{"width":200,"height":200,"url":"https:\/\/staging-k.parkingrome.it\/wp-content\/uploads\/2019\/12\/Parking-Rome.jpg","type":"image\/jpeg"}],"twitter_card":"summary_large_image","twitter_site":"@PaekingR","twitter_misc":{"Tiempo de lectura":"10 minuto"},"schema":{"@context":"https:\/\/schema.org","@graph":[{"@type":"WebPage","@id":"https:\/\/staging-k.parkingrome.it\/es\/politica-de-privacidad-y-cookies\/","url":"https:\/\/staging-k.parkingrome.it\/es\/politica-de-privacidad-y-cookies\/","name":"Pol\u00edtica de privacidad y cookies - Aparcamiento en el centro de Roma | Metro | Centro - ParkingRome.IT","isPartOf":{"@id":"https:\/\/staging-k.parkingrome.it\/es\/#website"},"datePublished":"2015-01-02T16:52:15+00:00","breadcrumb":{"@id":"https:\/\/staging-k.parkingrome.it\/es\/politica-de-privacidad-y-cookies\/#breadcrumb"},"inLanguage":"es","potentialAction":[{"@type":"ReadAction","target":["https:\/\/staging-k.parkingrome.it\/es\/politica-de-privacidad-y-cookies\/"]}]},{"@type":"BreadcrumbList","@id":"https:\/\/staging-k.parkingrome.it\/es\/politica-de-privacidad-y-cookies\/#breadcrumb","itemListElement":[{"@type":"ListItem","position":1,"name":"Home","item":"https:\/\/staging-k.parkingrome.it\/es\/"},{"@type":"ListItem","position":2,"name":"Pol\u00edtica de privacidad y cookies"}]},{"@type":"WebSite","@id":"https:\/\/staging-k.parkingrome.it\/es\/#website","url":"https:\/\/staging-k.parkingrome.it\/es\/","name":"Parcheggio Roma Centro | Metro | Centro citt\u00e0 - ParkingRome.IT","description":"Aparcamiento seguro, cubierto y vigilado para coches, motos y furgonetas cerca del metro de Roma.","publisher":{"@id":"https:\/\/staging-k.parkingrome.it\/es\/#organization"},"potentialAction":[{"@type":"SearchAction","target":{"@type":"EntryPoint","urlTemplate":"https:\/\/staging-k.parkingrome.it\/es\/?s={search_term_string}"},"query-input":{"@type":"PropertyValueSpecification","valueRequired":true,"valueName":"search_term_string"}}],"inLanguage":"es"},{"@type":"Organization","@id":"https:\/\/staging-k.parkingrome.it\/es\/#organization","name":"Parking Rome","url":"https:\/\/staging-k.parkingrome.it\/es\/","logo":{"@type":"ImageObject","inLanguage":"es","@id":"https:\/\/staging-k.parkingrome.it\/es\/#\/schema\/logo\/image\/","url":"https:\/\/staging-k.parkingrome.it\/wp-content\/uploads\/2019\/12\/cropped-Parking-Rome-official-partner-min.png","contentUrl":"https:\/\/staging-k.parkingrome.it\/wp-content\/uploads\/2019\/12\/cropped-Parking-Rome-official-partner-min.png","width":512,"height":512,"caption":"Parking Rome"},"image":{"@id":"https:\/\/staging-k.parkingrome.it\/es\/#\/schema\/logo\/image\/"},"sameAs":["https:\/\/www.facebook.com\/pages\/Parcheggi-Roma-Centro\/367506520088613","https:\/\/x.com\/PaekingR","https:\/\/www.youtube.com\/c\/ParkingromeIt01"]}]}},"_links":{"self":[{"href":"https:\/\/staging-k.parkingrome.it\/es\/wp-json\/wp\/v2\/pages\/21274","targetHints":{"allow":["GET"]}}],"collection":[{"href":"https:\/\/staging-k.parkingrome.it\/es\/wp-json\/wp\/v2\/pages"}],"about":[{"href":"https:\/\/staging-k.parkingrome.it\/es\/wp-json\/wp\/v2\/types\/page"}],"author":[{"embeddable":true,"href":"https:\/\/staging-k.parkingrome.it\/es\/wp-json\/wp\/v2\/users\/1"}],"replies":[{"embeddable":true,"href":"https:\/\/staging-k.parkingrome.it\/es\/wp-json\/wp\/v2\/comments?post=21274"}],"version-history":[{"count":0,"href":"https:\/\/staging-k.parkingrome.it\/es\/wp-json\/wp\/v2\/pages\/21274\/revisions"}],"wp:attachment":[{"href":"https:\/\/staging-k.parkingrome.it\/es\/wp-json\/wp\/v2\/media?parent=21274"}],"curies":[{"name":"wp","href":"https:\/\/api.w.org\/{rel}","templated":true}]}}