{"id":20224,"date":"2022-03-11T08:42:09","date_gmt":"2022-03-11T07:42:09","guid":{"rendered":"https:\/\/staging.parkingrome.it\/unsere-partner\/"},"modified":"2025-11-25T15:40:37","modified_gmt":"2025-11-25T14:40:37","slug":"unsere-partner","status":"publish","type":"page","link":"https:\/\/staging-k.parkingrome.it\/de\/unsere-partner\/","title":{"rendered":"Unsere Partner"},"content":{"rendered":"<p>[vc_row][vc_column width=&#8220;1\/3&#8243;][vc_single_image image=&#8220;16050&#8243; img_size=&#8220;medium&#8220; alignment=&#8220;center&#8220; style=&#8220;vc_box_border&#8220; onclick=&#8220;custom_link&#8220; img_link_target=&#8220;_blank&#8220; css_animation=&#8220;bounceIn&#8220; link=&#8220;https:\/\/www.booking.com\/city\/it\/rome.html?aid=1332908&amp;no_rooms=1&amp;group_adults=1&amp;label=Roma&#8220;][\/vc_column][vc_column width=&#8220;1\/3&#8243;][vc_single_image image=&#8220;16140&#8243; img_size=&#8220;medium&#8220; alignment=&#8220;center&#8220; style=&#8220;vc_box_border&#8220; onclick=&#8220;custom_link&#8220; img_link_target=&#8220;_blank&#8220; css_animation=&#8220;bounceIn&#8220; link=&#8220;https:\/\/luxuryhomerome.com\/&#8220;][\/vc_column][vc_column width=&#8220;1\/3&#8243;][vc_single_image image=&#8220;15966&#8243; img_size=&#8220;medium&#8220; alignment=&#8220;center&#8220; style=&#8220;vc_box_border&#8220; onclick=&#8220;custom_link&#8220; img_link_target=&#8220;_blank&#8220; css_animation=&#8220;bounceIn&#8220; link=&#8220;https:\/\/www.physioathletic-center.it\/&#8220;][\/vc_column][\/vc_row][vc_row][vc_column width=&#8220;1\/3&#8243;][\/vc_column][vc_column width=&#8220;1\/3&#8243;][vc_single_image image=&#8220;15954&#8243; img_size=&#8220;medium&#8220; alignment=&#8220;center&#8220; style=&#8220;vc_box_shadow&#8220; onclick=&#8220;custom_link&#8220; img_link_target=&#8220;_blank&#8220; link=&#8220;https:\/\/www.autoparioli.it\/&#8220;][\/vc_column][vc_column width=&#8220;1\/3&#8243;][vc_single_image image=&#8220;15960&#8243; img_size=&#8220;medium&#8220; alignment=&#8220;center&#8220; style=&#8220;vc_box_border&#8220; onclick=&#8220;custom_link&#8220; img_link_target=&#8220;_blank&#8220; css_animation=&#8220;bounceIn&#8220; link=&#8220;https:\/\/www.hotelpresident.com\/&#8220;][\/vc_column][\/vc_row]<\/p>\n","protected":false},"excerpt":{"rendered":"<p>[vc_row][vc_column width=&#8220;1\/3&#8243;][vc_single_image image=&#8220;16050&#8243; img_size=&#8220;medium&#8220; alignment=&#8220;center&#8220; style=&#8220;vc_box_border&#8220; onclick=&#8220;custom_link&#8220; img_link_target=&#8220;_blank&#8220; css_animation=&#8220;bounceIn&#8220; link=&#8220;https:\/\/www.booking.com\/city\/it\/rome.html?aid=1332908&amp;no_rooms=1&amp;group_adults=1&amp;label=Roma&#8220;][\/vc_column][vc_column width=&#8220;1\/3&#8243;][vc_single_image image=&#8220;16140&#8243; img_size=&#8220;medium&#8220; alignment=&#8220;center&#8220; style=&#8220;vc_box_border&#8220; onclick=&#8220;custom_link&#8220; img_link_target=&#8220;_blank&#8220; css_animation=&#8220;bounceIn&#8220; link=&#8220;https:\/\/luxuryhomerome.com\/&#8220;][\/vc_column][vc_column width=&#8220;1\/3&#8243;][vc_single_image image=&#8220;15966&#8243; img_size=&#8220;medium&#8220; alignment=&#8220;center&#8220; style=&#8220;vc_box_border&#8220; onclick=&#8220;custom_link&#8220; img_link_target=&#8220;_blank&#8220; css_animation=&#8220;bounceIn&#8220; link=&#8220;https:\/\/www.physioathletic-center.it\/&#8220;][\/vc_column][\/vc_row][vc_row][vc_column width=&#8220;1\/3&#8243;][\/vc_column][vc_column width=&#8220;1\/3&#8243;][vc_single_image image=&#8220;15954&#8243; img_size=&#8220;medium&#8220; alignment=&#8220;center&#8220; style=&#8220;vc_box_shadow&#8220; onclick=&#8220;custom_link&#8220; img_link_target=&#8220;_blank&#8220; link=&#8220;https:\/\/www.autoparioli.it\/&#8220;][\/vc_column][vc_column width=&#8220;1\/3&#8243;][vc_single_image image=&#8220;15960&#8243; img_size=&#8220;medium&#8220; alignment=&#8220;center&#8220; style=&#8220;vc_box_border&#8220; onclick=&#8220;custom_link&#8220; img_link_target=&#8220;_blank&#8220; css_animation=&#8220;bounceIn&#8220; link=&#8220;https:\/\/www.hotelpresident.com\/&#8220;][\/vc_column][\/vc_row]<\/p>\n","protected":false},"author":1,"featured_media":0,"parent":0,"menu_order":0,"comment_status":"closed","ping_status":"closed","template":"","meta":{"footnotes":""},"class_list":["post-20224","page","type-page","status-publish","hentry"],"yoast_head":"<!-- This site is optimized with the Yoast SEO plugin v27.3 - https:\/\/yoast.com\/product\/yoast-seo-wordpress\/ -->\n<title>Unsere Partner - Parken im Stadtzentrum von Rom | U-Bahn | Stadtzentrum - ParkingRome.IT<\/title>\n<meta name=\"robots\" content=\"noindex, follow, max-snippet:-1, max-image-preview:large, max-video-preview:-1\" \/>\n<meta property=\"og:locale\" content=\"de_DE\" \/>\n<meta property=\"og:type\" content=\"article\" \/>\n<meta property=\"og:title\" content=\"Unsere Partner - Parken im Stadtzentrum von Rom | U-Bahn | Stadtzentrum - ParkingRome.IT\" \/>\n<meta property=\"og:description\" content=\"[vc_row][vc_column width=&#8220;1\/3&#8243;][vc_single_image image=&#8220;16050&#8243; img_size=&#8220;medium&#8220; alignment=&#8220;center&#8220; style=&#8220;vc_box_border&#8220; onclick=&#8220;custom_link&#8220; img_link_target=&#8220;_blank&#8220; css_animation=&#8220;bounceIn&#8220; link=&#8220;https:\/\/www.booking.com\/city\/it\/rome.html?aid=1332908&amp;no_rooms=1&amp;group_adults=1&amp;label=Roma&#8220;][\/vc_column][vc_column width=&#8220;1\/3&#8243;][vc_single_image image=&#8220;16140&#8243; img_size=&#8220;medium&#8220; alignment=&#8220;center&#8220; style=&#8220;vc_box_border&#8220; onclick=&#8220;custom_link&#8220; img_link_target=&#8220;_blank&#8220; css_animation=&#8220;bounceIn&#8220; link=&#8220;https:\/\/luxuryhomerome.com\/&#8220;][\/vc_column][vc_column width=&#8220;1\/3&#8243;][vc_single_image image=&#8220;15966&#8243; img_size=&#8220;medium&#8220; alignment=&#8220;center&#8220; style=&#8220;vc_box_border&#8220; onclick=&#8220;custom_link&#8220; img_link_target=&#8220;_blank&#8220; css_animation=&#8220;bounceIn&#8220; link=&#8220;https:\/\/www.physioathletic-center.it\/&#8220;][\/vc_column][\/vc_row][vc_row][vc_column width=&#8220;1\/3&#8243;][\/vc_column][vc_column width=&#8220;1\/3&#8243;][vc_single_image image=&#8220;15954&#8243; img_size=&#8220;medium&#8220; alignment=&#8220;center&#8220; style=&#8220;vc_box_shadow&#8220; onclick=&#8220;custom_link&#8220; img_link_target=&#8220;_blank&#8220; link=&#8220;https:\/\/www.autoparioli.it\/&#8220;][\/vc_column][vc_column width=&#8220;1\/3&#8243;][vc_single_image image=&#8220;15960&#8243; img_size=&#8220;medium&#8220; alignment=&#8220;center&#8220; style=&#8220;vc_box_border&#8220; onclick=&#8220;custom_link&#8220; img_link_target=&#8220;_blank&#8220; css_animation=&#8220;bounceIn&#8220; link=&#8220;https:\/\/www.hotelpresident.com\/&#8220;][\/vc_column][\/vc_row]\" \/>\n<meta property=\"og:url\" content=\"https:\/\/staging-k.parkingrome.it\/de\/unsere-partner\/\" \/>\n<meta property=\"og:site_name\" content=\"Parken im Stadtzentrum von Rom | U-Bahn | Stadtzentrum - ParkingRome.IT\" \/>\n<meta property=\"article:publisher\" content=\"https:\/\/www.facebook.com\/pages\/Parcheggi-Roma-Centro\/367506520088613\" \/>\n<meta property=\"article:modified_time\" content=\"2025-11-25T14:40:37+00:00\" \/>\n<meta property=\"og:image\" content=\"https:\/\/staging-k.parkingrome.it\/wp-content\/uploads\/2019\/12\/Parking-Rome.jpg\" \/>\n\t<meta property=\"og:image:width\" content=\"200\" \/>\n\t<meta property=\"og:image:height\" content=\"200\" \/>\n\t<meta property=\"og:image:type\" content=\"image\/jpeg\" \/>\n<meta name=\"twitter:card\" content=\"summary_large_image\" \/>\n<meta name=\"twitter:site\" content=\"@PaekingR\" \/>\n<meta name=\"twitter:label1\" content=\"Gesch\u00e4tzte Lesezeit\" \/>\n\t<meta name=\"twitter:data1\" content=\"1\u00a0Minute\" \/>\n<script type=\"application\/ld+json\" class=\"yoast-schema-graph\">{\"@context\":\"https:\\\/\\\/schema.org\",\"@graph\":[{\"@type\":\"WebPage\",\"@id\":\"https:\\\/\\\/staging-k.parkingrome.it\\\/de\\\/unsere-partner\\\/\",\"url\":\"https:\\\/\\\/staging-k.parkingrome.it\\\/de\\\/unsere-partner\\\/\",\"name\":\"Unsere Partner - Parken im Stadtzentrum von Rom | U-Bahn | Stadtzentrum - ParkingRome.IT\",\"isPartOf\":{\"@id\":\"https:\\\/\\\/staging-k.parkingrome.it\\\/de\\\/#website\"},\"datePublished\":\"2022-03-11T07:42:09+00:00\",\"dateModified\":\"2025-11-25T14:40:37+00:00\",\"breadcrumb\":{\"@id\":\"https:\\\/\\\/staging-k.parkingrome.it\\\/de\\\/unsere-partner\\\/#breadcrumb\"},\"inLanguage\":\"de\",\"potentialAction\":[{\"@type\":\"ReadAction\",\"target\":[\"https:\\\/\\\/staging-k.parkingrome.it\\\/de\\\/unsere-partner\\\/\"]}]},{\"@type\":\"BreadcrumbList\",\"@id\":\"https:\\\/\\\/staging-k.parkingrome.it\\\/de\\\/unsere-partner\\\/#breadcrumb\",\"itemListElement\":[{\"@type\":\"ListItem\",\"position\":1,\"name\":\"Home\",\"item\":\"https:\\\/\\\/staging-k.parkingrome.it\\\/de\\\/\"},{\"@type\":\"ListItem\",\"position\":2,\"name\":\"Unsere Partner\"}]},{\"@type\":\"WebSite\",\"@id\":\"https:\\\/\\\/staging-k.parkingrome.it\\\/de\\\/#website\",\"url\":\"https:\\\/\\\/staging-k.parkingrome.it\\\/de\\\/\",\"name\":\"Parcheggio Roma Centro | Metro | Centro citt\u00e0 - ParkingRome.IT\",\"description\":\"Sicherer, \u00fcberdachter und bewachter Parkplatz f\u00fcr Autos, Motorr\u00e4der und Lieferwagen in der N\u00e4he der U-Bahn in Rom.\",\"publisher\":{\"@id\":\"https:\\\/\\\/staging-k.parkingrome.it\\\/de\\\/#organization\"},\"potentialAction\":[{\"@type\":\"SearchAction\",\"target\":{\"@type\":\"EntryPoint\",\"urlTemplate\":\"https:\\\/\\\/staging-k.parkingrome.it\\\/de\\\/?s={search_term_string}\"},\"query-input\":{\"@type\":\"PropertyValueSpecification\",\"valueRequired\":true,\"valueName\":\"search_term_string\"}}],\"inLanguage\":\"de\"},{\"@type\":\"Organization\",\"@id\":\"https:\\\/\\\/staging-k.parkingrome.it\\\/de\\\/#organization\",\"name\":\"Parking Rome\",\"url\":\"https:\\\/\\\/staging-k.parkingrome.it\\\/de\\\/\",\"logo\":{\"@type\":\"ImageObject\",\"inLanguage\":\"de\",\"@id\":\"https:\\\/\\\/staging-k.parkingrome.it\\\/de\\\/#\\\/schema\\\/logo\\\/image\\\/\",\"url\":\"https:\\\/\\\/staging-k.parkingrome.it\\\/wp-content\\\/uploads\\\/2019\\\/12\\\/cropped-Parking-Rome-official-partner-min.png\",\"contentUrl\":\"https:\\\/\\\/staging-k.parkingrome.it\\\/wp-content\\\/uploads\\\/2019\\\/12\\\/cropped-Parking-Rome-official-partner-min.png\",\"width\":512,\"height\":512,\"caption\":\"Parking Rome\"},\"image\":{\"@id\":\"https:\\\/\\\/staging-k.parkingrome.it\\\/de\\\/#\\\/schema\\\/logo\\\/image\\\/\"},\"sameAs\":[\"https:\\\/\\\/www.facebook.com\\\/pages\\\/Parcheggi-Roma-Centro\\\/367506520088613\",\"https:\\\/\\\/x.com\\\/PaekingR\",\"https:\\\/\\\/www.youtube.com\\\/c\\\/ParkingromeIt01\"]}]}<\/script>\n<!-- \/ Yoast SEO plugin. -->","yoast_head_json":{"title":"Unsere Partner - Parken im Stadtzentrum von Rom | U-Bahn | Stadtzentrum - ParkingRome.IT","robots":{"index":"noindex","follow":"follow","max-snippet":"max-snippet:-1","max-image-preview":"max-image-preview:large","max-video-preview":"max-video-preview:-1"},"og_locale":"de_DE","og_type":"article","og_title":"Unsere Partner - Parken im Stadtzentrum von Rom | U-Bahn | Stadtzentrum - ParkingRome.IT","og_description":"[vc_row][vc_column width=&#8220;1\/3&#8243;][vc_single_image image=&#8220;16050&#8243; img_size=&#8220;medium&#8220; alignment=&#8220;center&#8220; style=&#8220;vc_box_border&#8220; onclick=&#8220;custom_link&#8220; img_link_target=&#8220;_blank&#8220; css_animation=&#8220;bounceIn&#8220; link=&#8220;https:\/\/www.booking.com\/city\/it\/rome.html?aid=1332908&amp;no_rooms=1&amp;group_adults=1&amp;label=Roma&#8220;][\/vc_column][vc_column width=&#8220;1\/3&#8243;][vc_single_image image=&#8220;16140&#8243; img_size=&#8220;medium&#8220; alignment=&#8220;center&#8220; style=&#8220;vc_box_border&#8220; onclick=&#8220;custom_link&#8220; img_link_target=&#8220;_blank&#8220; css_animation=&#8220;bounceIn&#8220; link=&#8220;https:\/\/luxuryhomerome.com\/&#8220;][\/vc_column][vc_column width=&#8220;1\/3&#8243;][vc_single_image image=&#8220;15966&#8243; img_size=&#8220;medium&#8220; alignment=&#8220;center&#8220; style=&#8220;vc_box_border&#8220; onclick=&#8220;custom_link&#8220; img_link_target=&#8220;_blank&#8220; css_animation=&#8220;bounceIn&#8220; link=&#8220;https:\/\/www.physioathletic-center.it\/&#8220;][\/vc_column][\/vc_row][vc_row][vc_column width=&#8220;1\/3&#8243;][\/vc_column][vc_column width=&#8220;1\/3&#8243;][vc_single_image image=&#8220;15954&#8243; img_size=&#8220;medium&#8220; alignment=&#8220;center&#8220; style=&#8220;vc_box_shadow&#8220; onclick=&#8220;custom_link&#8220; img_link_target=&#8220;_blank&#8220; link=&#8220;https:\/\/www.autoparioli.it\/&#8220;][\/vc_column][vc_column width=&#8220;1\/3&#8243;][vc_single_image image=&#8220;15960&#8243; img_size=&#8220;medium&#8220; alignment=&#8220;center&#8220; style=&#8220;vc_box_border&#8220; onclick=&#8220;custom_link&#8220; img_link_target=&#8220;_blank&#8220; css_animation=&#8220;bounceIn&#8220; link=&#8220;https:\/\/www.hotelpresident.com\/&#8220;][\/vc_column][\/vc_row]","og_url":"https:\/\/staging-k.parkingrome.it\/de\/unsere-partner\/","og_site_name":"Parken im Stadtzentrum von Rom | U-Bahn | Stadtzentrum - ParkingRome.IT","article_publisher":"https:\/\/www.facebook.com\/pages\/Parcheggi-Roma-Centro\/367506520088613","article_modified_time":"2025-11-25T14:40:37+00:00","og_image":[{"width":200,"height":200,"url":"https:\/\/staging-k.parkingrome.it\/wp-content\/uploads\/2019\/12\/Parking-Rome.jpg","type":"image\/jpeg"}],"twitter_card":"summary_large_image","twitter_site":"@PaekingR","twitter_misc":{"Gesch\u00e4tzte Lesezeit":"1\u00a0Minute"},"schema":{"@context":"https:\/\/schema.org","@graph":[{"@type":"WebPage","@id":"https:\/\/staging-k.parkingrome.it\/de\/unsere-partner\/","url":"https:\/\/staging-k.parkingrome.it\/de\/unsere-partner\/","name":"Unsere Partner - Parken im Stadtzentrum von Rom | U-Bahn | Stadtzentrum - ParkingRome.IT","isPartOf":{"@id":"https:\/\/staging-k.parkingrome.it\/de\/#website"},"datePublished":"2022-03-11T07:42:09+00:00","dateModified":"2025-11-25T14:40:37+00:00","breadcrumb":{"@id":"https:\/\/staging-k.parkingrome.it\/de\/unsere-partner\/#breadcrumb"},"inLanguage":"de","potentialAction":[{"@type":"ReadAction","target":["https:\/\/staging-k.parkingrome.it\/de\/unsere-partner\/"]}]},{"@type":"BreadcrumbList","@id":"https:\/\/staging-k.parkingrome.it\/de\/unsere-partner\/#breadcrumb","itemListElement":[{"@type":"ListItem","position":1,"name":"Home","item":"https:\/\/staging-k.parkingrome.it\/de\/"},{"@type":"ListItem","position":2,"name":"Unsere Partner"}]},{"@type":"WebSite","@id":"https:\/\/staging-k.parkingrome.it\/de\/#website","url":"https:\/\/staging-k.parkingrome.it\/de\/","name":"Parcheggio Roma Centro | Metro | Centro citt\u00e0 - ParkingRome.IT","description":"Sicherer, \u00fcberdachter und bewachter Parkplatz f\u00fcr Autos, Motorr\u00e4der und Lieferwagen in der N\u00e4he der U-Bahn in Rom.","publisher":{"@id":"https:\/\/staging-k.parkingrome.it\/de\/#organization"},"potentialAction":[{"@type":"SearchAction","target":{"@type":"EntryPoint","urlTemplate":"https:\/\/staging-k.parkingrome.it\/de\/?s={search_term_string}"},"query-input":{"@type":"PropertyValueSpecification","valueRequired":true,"valueName":"search_term_string"}}],"inLanguage":"de"},{"@type":"Organization","@id":"https:\/\/staging-k.parkingrome.it\/de\/#organization","name":"Parking Rome","url":"https:\/\/staging-k.parkingrome.it\/de\/","logo":{"@type":"ImageObject","inLanguage":"de","@id":"https:\/\/staging-k.parkingrome.it\/de\/#\/schema\/logo\/image\/","url":"https:\/\/staging-k.parkingrome.it\/wp-content\/uploads\/2019\/12\/cropped-Parking-Rome-official-partner-min.png","contentUrl":"https:\/\/staging-k.parkingrome.it\/wp-content\/uploads\/2019\/12\/cropped-Parking-Rome-official-partner-min.png","width":512,"height":512,"caption":"Parking Rome"},"image":{"@id":"https:\/\/staging-k.parkingrome.it\/de\/#\/schema\/logo\/image\/"},"sameAs":["https:\/\/www.facebook.com\/pages\/Parcheggi-Roma-Centro\/367506520088613","https:\/\/x.com\/PaekingR","https:\/\/www.youtube.com\/c\/ParkingromeIt01"]}]}},"_links":{"self":[{"href":"https:\/\/staging-k.parkingrome.it\/de\/wp-json\/wp\/v2\/pages\/20224","targetHints":{"allow":["GET"]}}],"collection":[{"href":"https:\/\/staging-k.parkingrome.it\/de\/wp-json\/wp\/v2\/pages"}],"about":[{"href":"https:\/\/staging-k.parkingrome.it\/de\/wp-json\/wp\/v2\/types\/page"}],"author":[{"embeddable":true,"href":"https:\/\/staging-k.parkingrome.it\/de\/wp-json\/wp\/v2\/users\/1"}],"replies":[{"embeddable":true,"href":"https:\/\/staging-k.parkingrome.it\/de\/wp-json\/wp\/v2\/comments?post=20224"}],"version-history":[{"count":0,"href":"https:\/\/staging-k.parkingrome.it\/de\/wp-json\/wp\/v2\/pages\/20224\/revisions"}],"wp:attachment":[{"href":"https:\/\/staging-k.parkingrome.it\/de\/wp-json\/wp\/v2\/media?parent=20224"}],"curies":[{"name":"wp","href":"https:\/\/api.w.org\/{rel}","templated":true}]}}